{"id":911,"date":"2016-05-05T13:20:25","date_gmt":"2016-05-05T11:20:25","guid":{"rendered":"http:\/\/benpensante.com\/nosolocoaching\/?page_id=911"},"modified":"2024-03-24T21:43:51","modified_gmt":"2024-03-24T20:43:51","slug":"carta-fundacional","status":"publish","type":"page","link":"https:\/\/benpensante.com\/nosolocoaching\/carta-fundacional\/","title":{"rendered":"#Carta Fundacional"},"content":{"rendered":"<p>&nbsp;<\/p>\n<p class=\"textr\"><strong>Esta obra tiene la intenci\u00f3n de que todas las personas implicadas, artistas y asistentes, se embarquen en un viaje de placer y crecimiento personal, de entusiasmo y de sabidur\u00eda.<\/strong><\/p>\n<p>&nbsp;<\/p>\n<p class=\"carta\" style=\"text-align: justify;\">El pasado 30 de diciembre estaba esperando para entrar en un concierto. Sent\u00eda entusiasmo, esperaba divertirme\u2026 y tambi\u00e9n sent\u00eda una sensaci\u00f3n de expansi\u00f3n electrizante. Todo estaba preparado para conseguir esa diversi\u00f3n y expansi\u00f3n: la imagen de los carteles, el escenario, los artistas\u2026<\/p>\n<p class=\"carta\" style=\"text-align: justify;\">Reflexion\u00e9 en el ambiente que rodea a nuestras conferencias y talleres de desarrollo personal. Puede ser parecido, pero sent\u00ed que era necesario dar un definitivo paso adelante: <strong>provocar ese mismo estado de entusiasmo cuando las personas acudan a \u201calgo\u201d para potenciar su crecimiento personal.<\/strong><\/p>\n<p class=\"carta\" style=\"text-align: justify;\">El crecimiento personal estaba encerrado hasta ahora en el mundo de las clases, los talleres y las conferencias. Por otro lado, las personas se apoyaban, inconscientemente, en el mundo simb\u00f3lico de los espect\u00e1culos y el arte para ese crecimiento. Todas las ramas del arte aportan sus inspiraci\u00f3n de forma silenciosa y m\u00e1gica. <strong>Por fin, el crecimiento personal se ha liberado para conectar su parte simb\u00f3lica y acad\u00e9mica.<\/strong><\/p>\n<p class=\"carta\" style=\"text-align: justify;\">Fue maravilloso ver que diversos artistas <em>bien pensantes<\/em> ten\u00edan esa misma idea en la cabeza, hab\u00eda que crear ese \u201calgo\u201d: <strong>una obra de desarrollo personal.<\/strong><\/p>\n<p class=\"carta\" style=\"text-align: justify;\">Nuestro compromiso con todo el esfuerzo de esta obra es ayudar a cada persona a encontrar esa <strong>sensaci\u00f3n llamada hogar<\/strong> dentro de s\u00ed mismos y a conocerla bien para hacerla crecer.<\/p>\n<p class=\"carta\" style=\"text-align: justify;\">El crecimiento personal dejar\u00e1 de ser solamente un concepto deseado, para convertirse en una fin para el que poder entrenar cada d\u00eda. <strong>Lleg\u00f3 el momento de conocer los entresijos emocionales y racionales del desarrollo personal para vivirlo plenamente.<\/strong><\/p>\n<p class=\"carta\" style=\"text-align: justify;\">Esta obra te ense\u00f1ar\u00e1 a trabajar en tu desarrollo, adem\u00e1s de sonarte muy muy bien.<\/p>\n<p style=\"text-align: right;\"><em>Daniel \u00c1lvarez Lamas<\/em><\/p>\n","protected":false},"excerpt":{"rendered":"<p>&nbsp; Esta obra tiene la intenci\u00f3n de que todas las personas implicadas, artistas y asistentes, se embarquen en un viaje de placer y crecimiento personal, de entusiasmo y de sabidur\u00eda. &nbsp; El pasado 30 de diciembre estaba esperando para entrar en un concierto. Sent\u00eda entusiasmo, esperaba divertirme\u2026 y tambi\u00e9n sent\u00eda una sensaci\u00f3n de expansi\u00f3n electrizante. [&hellip;]<\/p>\n","protected":false},"author":10,"featured_media":0,"parent":0,"menu_order":90,"comment_status":"closed","ping_status":"closed","template":"","meta":{"footnotes":""},"class_list":["post-911","page","type-page","status-publish","hentry"],"yoast_head":"<!-- This site is optimized with the Yoast SEO plugin v27.3 - https:\/\/yoast.com\/product\/yoast-seo-wordpress\/ -->\n<title>#Carta Fundacional - Festival #NoSoloCoaching<\/title>\n<meta name=\"robots\" content=\"index, follow, max-snippet:-1, max-image-preview:large, max-video-preview:-1\" \/>\n<link rel=\"canonical\" href=\"https:\/\/benpensante.com\/nosolocoaching\/carta-fundacional\/\" \/>\n<meta property=\"og:locale\" content=\"es_ES\" \/>\n<meta property=\"og:type\" content=\"article\" \/>\n<meta property=\"og:title\" content=\"#Carta Fundacional - Festival #NoSoloCoaching\" \/>\n<meta property=\"og:description\" content=\"&nbsp; Esta obra tiene la intenci\u00f3n de que todas las personas implicadas, artistas y asistentes, se embarquen en un viaje de placer y crecimiento personal, de entusiasmo y de sabidur\u00eda. &nbsp; El pasado 30 de diciembre estaba esperando para entrar en un concierto. Sent\u00eda entusiasmo, esperaba divertirme\u2026 y tambi\u00e9n sent\u00eda una sensaci\u00f3n de expansi\u00f3n electrizante. [&hellip;]\" \/>\n<meta property=\"og:url\" content=\"https:\/\/benpensante.com\/nosolocoaching\/carta-fundacional\/\" \/>\n<meta property=\"og:site_name\" content=\"Festival #NoSoloCoaching\" \/>\n<meta property=\"article:modified_time\" content=\"2024-03-24T20:43:51+00:00\" \/>\n<meta name=\"twitter:card\" content=\"summary_large_image\" \/>\n<meta name=\"twitter:label1\" content=\"Tiempo de lectura\" \/>\n\t<meta name=\"twitter:data1\" content=\"2 minutos\" \/>\n<script type=\"application\/ld+json\" class=\"yoast-schema-graph\">{\"@context\":\"https:\\\/\\\/schema.org\",\"@graph\":[{\"@type\":\"WebPage\",\"@id\":\"https:\\\/\\\/benpensante.com\\\/nosolocoaching\\\/carta-fundacional\\\/\",\"url\":\"https:\\\/\\\/benpensante.com\\\/nosolocoaching\\\/carta-fundacional\\\/\",\"name\":\"#Carta Fundacional - Festival #NoSoloCoaching\",\"isPartOf\":{\"@id\":\"https:\\\/\\\/benpensante.com\\\/nosolocoaching\\\/#website\"},\"datePublished\":\"2016-05-05T11:20:25+00:00\",\"dateModified\":\"2024-03-24T20:43:51+00:00\",\"breadcrumb\":{\"@id\":\"https:\\\/\\\/benpensante.com\\\/nosolocoaching\\\/carta-fundacional\\\/#breadcrumb\"},\"inLanguage\":\"es\",\"potentialAction\":[{\"@type\":\"ReadAction\",\"target\":[\"https:\\\/\\\/benpensante.com\\\/nosolocoaching\\\/carta-fundacional\\\/\"]}]},{\"@type\":\"BreadcrumbList\",\"@id\":\"https:\\\/\\\/benpensante.com\\\/nosolocoaching\\\/carta-fundacional\\\/#breadcrumb\",\"itemListElement\":[{\"@type\":\"ListItem\",\"position\":1,\"name\":\"Portada\",\"item\":\"https:\\\/\\\/benpensante.com\\\/nosolocoaching\\\/\"},{\"@type\":\"ListItem\",\"position\":2,\"name\":\"#Carta Fundacional\"}]},{\"@type\":\"WebSite\",\"@id\":\"https:\\\/\\\/benpensante.com\\\/nosolocoaching\\\/#website\",\"url\":\"https:\\\/\\\/benpensante.com\\\/nosolocoaching\\\/\",\"name\":\"Festival #NoSoloCoaching\",\"description\":\"\",\"publisher\":{\"@id\":\"https:\\\/\\\/benpensante.com\\\/nosolocoaching\\\/#organization\"},\"potentialAction\":[{\"@type\":\"SearchAction\",\"target\":{\"@type\":\"EntryPoint\",\"urlTemplate\":\"https:\\\/\\\/benpensante.com\\\/nosolocoaching\\\/?s={search_term_string}\"},\"query-input\":{\"@type\":\"PropertyValueSpecification\",\"valueRequired\":true,\"valueName\":\"search_term_string\"}}],\"inLanguage\":\"es\"},{\"@type\":\"Organization\",\"@id\":\"https:\\\/\\\/benpensante.com\\\/nosolocoaching\\\/#organization\",\"name\":\"Festival #NoSoloCoaching\",\"url\":\"https:\\\/\\\/benpensante.com\\\/nosolocoaching\\\/\",\"logo\":{\"@type\":\"ImageObject\",\"inLanguage\":\"es\",\"@id\":\"https:\\\/\\\/benpensante.com\\\/nosolocoaching\\\/#\\\/schema\\\/logo\\\/image\\\/\",\"url\":\"https:\\\/\\\/benpensante.com\\\/nosolocoaching\\\/wp-content\\\/uploads\\\/2026\\\/01\\\/LOGO_EDITADO.png\",\"contentUrl\":\"https:\\\/\\\/benpensante.com\\\/nosolocoaching\\\/wp-content\\\/uploads\\\/2026\\\/01\\\/LOGO_EDITADO.png\",\"width\":500,\"height\":151,\"caption\":\"Festival #NoSoloCoaching\"},\"image\":{\"@id\":\"https:\\\/\\\/benpensante.com\\\/nosolocoaching\\\/#\\\/schema\\\/logo\\\/image\\\/\"}}]}<\/script>\n<!-- \/ Yoast SEO plugin. -->","yoast_head_json":{"title":"#Carta Fundacional - Festival #NoSoloCoaching","robots":{"index":"index","follow":"follow","max-snippet":"max-snippet:-1","max-image-preview":"max-image-preview:large","max-video-preview":"max-video-preview:-1"},"canonical":"https:\/\/benpensante.com\/nosolocoaching\/carta-fundacional\/","og_locale":"es_ES","og_type":"article","og_title":"#Carta Fundacional - Festival #NoSoloCoaching","og_description":"&nbsp; Esta obra tiene la intenci\u00f3n de que todas las personas implicadas, artistas y asistentes, se embarquen en un viaje de placer y crecimiento personal, de entusiasmo y de sabidur\u00eda. &nbsp; El pasado 30 de diciembre estaba esperando para entrar en un concierto. Sent\u00eda entusiasmo, esperaba divertirme\u2026 y tambi\u00e9n sent\u00eda una sensaci\u00f3n de expansi\u00f3n electrizante. [&hellip;]","og_url":"https:\/\/benpensante.com\/nosolocoaching\/carta-fundacional\/","og_site_name":"Festival #NoSoloCoaching","article_modified_time":"2024-03-24T20:43:51+00:00","twitter_card":"summary_large_image","twitter_misc":{"Tiempo de lectura":"2 minutos"},"schema":{"@context":"https:\/\/schema.org","@graph":[{"@type":"WebPage","@id":"https:\/\/benpensante.com\/nosolocoaching\/carta-fundacional\/","url":"https:\/\/benpensante.com\/nosolocoaching\/carta-fundacional\/","name":"#Carta Fundacional - Festival #NoSoloCoaching","isPartOf":{"@id":"https:\/\/benpensante.com\/nosolocoaching\/#website"},"datePublished":"2016-05-05T11:20:25+00:00","dateModified":"2024-03-24T20:43:51+00:00","breadcrumb":{"@id":"https:\/\/benpensante.com\/nosolocoaching\/carta-fundacional\/#breadcrumb"},"inLanguage":"es","potentialAction":[{"@type":"ReadAction","target":["https:\/\/benpensante.com\/nosolocoaching\/carta-fundacional\/"]}]},{"@type":"BreadcrumbList","@id":"https:\/\/benpensante.com\/nosolocoaching\/carta-fundacional\/#breadcrumb","itemListElement":[{"@type":"ListItem","position":1,"name":"Portada","item":"https:\/\/benpensante.com\/nosolocoaching\/"},{"@type":"ListItem","position":2,"name":"#Carta Fundacional"}]},{"@type":"WebSite","@id":"https:\/\/benpensante.com\/nosolocoaching\/#website","url":"https:\/\/benpensante.com\/nosolocoaching\/","name":"Festival #NoSoloCoaching","description":"","publisher":{"@id":"https:\/\/benpensante.com\/nosolocoaching\/#organization"},"potentialAction":[{"@type":"SearchAction","target":{"@type":"EntryPoint","urlTemplate":"https:\/\/benpensante.com\/nosolocoaching\/?s={search_term_string}"},"query-input":{"@type":"PropertyValueSpecification","valueRequired":true,"valueName":"search_term_string"}}],"inLanguage":"es"},{"@type":"Organization","@id":"https:\/\/benpensante.com\/nosolocoaching\/#organization","name":"Festival #NoSoloCoaching","url":"https:\/\/benpensante.com\/nosolocoaching\/","logo":{"@type":"ImageObject","inLanguage":"es","@id":"https:\/\/benpensante.com\/nosolocoaching\/#\/schema\/logo\/image\/","url":"https:\/\/benpensante.com\/nosolocoaching\/wp-content\/uploads\/2026\/01\/LOGO_EDITADO.png","contentUrl":"https:\/\/benpensante.com\/nosolocoaching\/wp-content\/uploads\/2026\/01\/LOGO_EDITADO.png","width":500,"height":151,"caption":"Festival #NoSoloCoaching"},"image":{"@id":"https:\/\/benpensante.com\/nosolocoaching\/#\/schema\/logo\/image\/"}}]}},"_links":{"self":[{"href":"https:\/\/benpensante.com\/nosolocoaching\/wp-json\/wp\/v2\/pages\/911","targetHints":{"allow":["GET"]}}],"collection":[{"href":"https:\/\/benpensante.com\/nosolocoaching\/wp-json\/wp\/v2\/pages"}],"about":[{"href":"https:\/\/benpensante.com\/nosolocoaching\/wp-json\/wp\/v2\/types\/page"}],"author":[{"embeddable":true,"href":"https:\/\/benpensante.com\/nosolocoaching\/wp-json\/wp\/v2\/users\/10"}],"replies":[{"embeddable":true,"href":"https:\/\/benpensante.com\/nosolocoaching\/wp-json\/wp\/v2\/comments?post=911"}],"version-history":[{"count":18,"href":"https:\/\/benpensante.com\/nosolocoaching\/wp-json\/wp\/v2\/pages\/911\/revisions"}],"predecessor-version":[{"id":1785,"href":"https:\/\/benpensante.com\/nosolocoaching\/wp-json\/wp\/v2\/pages\/911\/revisions\/1785"}],"wp:attachment":[{"href":"https:\/\/benpensante.com\/nosolocoaching\/wp-json\/wp\/v2\/media?parent=911"}],"curies":[{"name":"wp","href":"https:\/\/api.w.org\/{rel}","templated":true}]}}